{"id":533,"date":"2024-04-02T14:41:41","date_gmt":"2024-04-02T12:41:41","guid":{"rendered":"https:\/\/pctruck.pcclicinformatique.fr\/index.php\/about\/"},"modified":"2024-12-27T17:27:54","modified_gmt":"2024-12-27T16:27:54","slug":"about","status":"publish","type":"page","link":"https:\/\/pctruck.pcclicinformatique.fr\/index.php\/about\/","title":{"rendered":"About"},"content":{"rendered":"\t\t<div data-elementor-type=\"page\" data-elementor-id=\"533\" class=\"elementor elementor-533\">\n\t\t\t\t\t\t<section class=\"elementor-section elementor-top-section elementor-element elementor-element-4119d7c3 elementor-section-full_width elementor-section-height-default elementor-section-height-default\" data-id=\"4119d7c3\" data-element_type=\"section\" data-settings=\"{&quot;background_background&quot;:&quot;classic&quot;}\">\n\t\t\t\t\t\t<div class=\"elementor-container elementor-column-gap-no\">\n\t\t\t\t\t<div class=\"elementor-column elementor-col-100 elementor-top-column elementor-element elementor-element-25a9132a\" data-id=\"25a9132a\" data-element_type=\"column\" data-settings=\"{&quot;background_background&quot;:&quot;classic&quot;}\">\n\t\t\t<div class=\"elementor-widget-wrap elementor-element-populated\">\n\t\t\t\t\t\t<div class=\"elementor-element elementor-element-5dd8cff elementor-widget elementor-widget-heading\" data-id=\"5dd8cff\" data-element_type=\"widget\" data-widget_type=\"heading.default\">\n\t\t\t\t<div class=\"elementor-widget-container\">\n\t\t\t\t\t<h2 class=\"elementor-heading-title elementor-size-default\">A propos..<\/h2>\t\t\t\t<\/div>\n\t\t\t\t<\/div>\n\t\t\t\t\t<\/div>\n\t\t<\/div>\n\t\t\t\t\t<\/div>\n\t\t<\/section>\n\t\t\t\t<section class=\"elementor-section elementor-top-section elementor-element elementor-element-260b4364 elementor-section-content-bottom elementor-section-boxed elementor-section-height-default elementor-section-height-default\" data-id=\"260b4364\" data-element_type=\"section\">\n\t\t\t\t\t\t<div class=\"elementor-container elementor-column-gap-no\">\n\t\t\t\t\t<div class=\"elementor-column elementor-col-50 elementor-top-column elementor-element elementor-element-6dcb3055\" data-id=\"6dcb3055\" data-element_type=\"column\">\n\t\t\t<div class=\"elementor-widget-wrap elementor-element-populated\">\n\t\t\t\t\t\t<div class=\"elementor-element elementor-element-2ca0161f elementor-invisible elementor-widget elementor-widget-heading\" data-id=\"2ca0161f\" data-element_type=\"widget\" data-settings=\"{&quot;_animation&quot;:&quot;fadeInLeft&quot;}\" data-widget_type=\"heading.default\">\n\t\t\t\t<div class=\"elementor-widget-container\">\n\t\t\t\t\t<h2 class=\"elementor-heading-title elementor-size-default\">Je suis <br>Alexandre Lienard<\/h2>\t\t\t\t<\/div>\n\t\t\t\t<\/div>\n\t\t\t\t<div class=\"elementor-element elementor-element-2840e080 elementor-invisible elementor-widget elementor-widget-text-editor\" data-id=\"2840e080\" data-element_type=\"widget\" data-settings=\"{&quot;_animation&quot;:&quot;fadeInLeft&quot;}\" data-widget_type=\"text-editor.default\">\n\t\t\t\t<div class=\"elementor-widget-container\">\n\t\t\t\t\t\t\t\t\t<p><span style=\"color: #232221; font-family: sofia-pro, sans-serif; font-size: 18px;\">un informaticien passionn\u00e9, dipl\u00f4m\u00e9 depuis 2003 et engag\u00e9 dans la mission de rendre la technologie accessible \u00e0 tous. Apr\u00e8s avoir acquis une solide exp\u00e9rience dans le domaine de l&rsquo;informatique, j&rsquo;ai d\u00e9cid\u00e9 de mettre mes comp\u00e9tences au service de ma communaut\u00e9 en fondant mon entreprise,\u00a0<\/span><a style=\"cursor: pointer; font-family: sofia-pro, sans-serif; outline: none; transition: color 200ms ease-in-out 0s; color: #18a5d6; overflow-wrap: break-word; font-size: 18px;\" href=\"https:\/\/www.pcclicinformatique.fr\/\" target=\"_blank\" rel=\"nofollow noopener noreferrer\"><strong style=\"color: inherit; padding: 0px; line-height: 26px; margin: 1em 0px;\">PC CLIC INFORMATIQUE<\/strong><\/a><span style=\"color: #232221; font-family: sofia-pro, sans-serif; font-size: 18px;\">, en 2007 intervenant dans toute la region Avesnoise.\u00a0<\/span><\/p>\t\t\t\t\t\t\t\t<\/div>\n\t\t\t\t<\/div>\n\t\t\t\t\t<\/div>\n\t\t<\/div>\n\t\t\t\t<div class=\"elementor-column elementor-col-50 elementor-top-column elementor-element elementor-element-738ecc72 elementor-invisible\" data-id=\"738ecc72\" data-element_type=\"column\" data-settings=\"{&quot;background_background&quot;:&quot;classic&quot;,&quot;animation&quot;:&quot;fadeInUp&quot;}\">\n\t\t\t<div class=\"elementor-widget-wrap elementor-element-populated\">\n\t\t\t\t\t\t<div class=\"elementor-element elementor-element-7c21cb74 elementor-widget elementor-widget-image\" data-id=\"7c21cb74\" data-element_type=\"widget\" data-widget_type=\"image.default\">\n\t\t\t\t<div class=\"elementor-widget-container\">\n\t\t\t\t\t\t\t\t\t\t\t\t\t\t\t<img fetchpriority=\"high\" decoding=\"async\" width=\"1024\" height=\"769\" src=\"https:\/\/pctruck.pcclicinformatique.fr\/wp-content\/uploads\/2024\/04\/selfie-detoure-1024x769.png\" class=\"attachment-large size-large wp-image-557\" alt=\"\" srcset=\"https:\/\/pctruck.pcclicinformatique.fr\/wp-content\/uploads\/2024\/04\/selfie-detoure-1024x769.png 1024w, https:\/\/pctruck.pcclicinformatique.fr\/wp-content\/uploads\/2024\/04\/selfie-detoure-300x225.png 300w, https:\/\/pctruck.pcclicinformatique.fr\/wp-content\/uploads\/2024\/04\/selfie-detoure-768x577.png 768w, https:\/\/pctruck.pcclicinformatique.fr\/wp-content\/uploads\/2024\/04\/selfie-detoure-1536x1154.png 1536w, https:\/\/pctruck.pcclicinformatique.fr\/wp-content\/uploads\/2024\/04\/selfie-detoure-2048x1538.png 2048w\" sizes=\"(max-width: 1024px) 100vw, 1024px\" \/>\t\t\t\t\t\t\t\t\t\t\t\t\t\t\t<\/div>\n\t\t\t\t<\/div>\n\t\t\t\t\t<\/div>\n\t\t<\/div>\n\t\t\t\t\t<\/div>\n\t\t<\/section>\n\t\t<div class=\"elementor-element elementor-element-869f316 e-flex e-con-boxed e-con e-parent\" data-id=\"869f316\" data-element_type=\"container\">\n\t\t\t\t\t<div class=\"e-con-inner\">\n\t\t\t\t<div class=\"elementor-element elementor-element-b02954b elementor-widget elementor-widget-text-editor\" data-id=\"b02954b\" data-element_type=\"widget\" data-widget_type=\"text-editor.default\">\n\t\t\t\t<div class=\"elementor-widget-container\">\n\t\t\t\t\t\t\t\t\t<div class=\"sc-joCzPq hmGmNu\"><div class=\"sc-cYQFzp kkAgJa\"><p class=\"sc-cFTihx sc-gHJswr dpILOJ ghmRCN\">\u00a0<\/p><\/div><\/div><div><div class=\"sc-gzBWJN dTGatO\"><figure class=\"image\"><img decoding=\"async\" src=\"https:\/\/s3-eu-west-1.amazonaws.com\/com.ulule.media\/presales\/5\/4\/4\/2\/8\/1\/182445\/img20240318103624.uUgx1CFfDb.jpg\" alt=\"Pc Bitdefender Une protection nouvelle\" \/><\/figure><p>Depuis lors, j&rsquo;ai travaill\u00e9 sans rel\u00e2che pour fournir des services informatiques de haute qualit\u00e9, allant du d\u00e9pannage et de la maintenance aux conseils en mati\u00e8re d&rsquo;\u00e9quipement et de s\u00e9curit\u00e9. En 2015, j&rsquo;ai franchi une \u00e9tape importante en ouvrant mon propre magasin sur Beugnies, offrant ainsi un espace d\u00e9di\u00e9 o\u00f9 les membres de ma communaut\u00e9 pouvaient trouver une assistance technique fiable et personnalis\u00e9e.<\/p><figure class=\"image\"><img decoding=\"async\" src=\"https:\/\/s3-eu-west-1.amazonaws.com\/com.ulule.media\/presales\/5\/4\/4\/2\/8\/1\/182445\/img20240318103618.l9X2qEw2eK.jpg\" \/><\/figure><p>Cependant, au fil des ann\u00e9es, j&rsquo;ai \u00e9t\u00e9 t\u00e9moin des disparit\u00e9s num\u00e9riques persistantes qui affectent de nombreuses r\u00e9gions, en particulier les communaut\u00e9s rurales et \u00e9loign\u00e9es. C&rsquo;est pourquoi j&rsquo;ai d\u00e9cid\u00e9 de franchir une nouvelle \u00e9tape dans mon engagement envers la lutte contre la fracture num\u00e9rique en lan\u00e7ant le projet ambitieux d&rsquo;un\u00a0<strong>fourgon atelier informatique itin\u00e9rant.<\/strong><\/p><figure class=\"image\"><img decoding=\"async\" src=\"https:\/\/s3-eu-west-1.amazonaws.com\/com.ulule.media\/presales\/5\/4\/4\/2\/8\/1\/182445\/untitled_logo_1_basic-bg-file--1-.lJAkXNBG33.jpg\" alt=\"PC TRUCK D\u00e9pannage informatique pr\u00e8s de chez\" \/><\/figure><p>Ce projet, que j&rsquo;ai baptis\u00e9\u00a0<strong>\u00ab\u00a0Le PC Truck\u00a0\u00bb<\/strong>, vise \u00e0 apporter des solutions informatiques directement aux portes des communaut\u00e9s qui en ont le plus besoin. Avec ce fourgon, nous pourrons aller l\u00e0 o\u00f9 l&rsquo;acc\u00e8s \u00e0 la technologie est limit\u00e9 et offrir des services de r\u00e9paration, de formation et de sensibilisation. En transformant un simple v\u00e9hicule en un atelier informatique mobile, je suis convaincu que nous pouvons changer des vies en donnant aux gens les outils dont ils ont besoin pour prosp\u00e9rer dans le monde num\u00e9rique moderne.\u00a0<strong>Les premiers lieux de sationnement seront Beugnies, Cartignies, Glageon et la Capelle.\u00a0<\/strong><\/p><p>Avec votre soutien, nous pourrons concr\u00e9tiser cette vision et faire une r\u00e9elle diff\u00e9rence dans la vie des personnes que nous servons. Ensemble, nous pouvons transformer la fracture num\u00e9rique en une opportunit\u00e9 d&rsquo;inclusion et d&rsquo;autonomisation pour tous.<\/p><\/div><\/div>\t\t\t\t\t\t\t\t<\/div>\n\t\t\t\t<\/div>\n\t\t\t\t\t<\/div>\n\t\t\t\t<\/div>\n\t\t<div class=\"elementor-element elementor-element-fc5b6c1 e-flex e-con-boxed e-con e-parent\" data-id=\"fc5b6c1\" data-element_type=\"container\">\n\t\t\t\t\t<div class=\"e-con-inner\">\n\t\t\t\t\t<\/div>\n\t\t\t\t<\/div>\n\t\t\t\t<section class=\"elementor-section elementor-top-section elementor-element elementor-element-660ad44a elementor-section-content-bottom elementor-section-boxed elementor-section-height-default elementor-section-height-default\" data-id=\"660ad44a\" data-element_type=\"section\" data-settings=\"{&quot;background_background&quot;:&quot;classic&quot;}\">\n\t\t\t\t\t\t<div class=\"elementor-container elementor-column-gap-no\">\n\t\t\t\t\t<div class=\"elementor-column elementor-col-50 elementor-top-column elementor-element elementor-element-2ab8c085 elementor-invisible\" data-id=\"2ab8c085\" data-element_type=\"column\" data-settings=\"{&quot;animation&quot;:&quot;fadeInLeft&quot;}\">\n\t\t\t<div class=\"elementor-widget-wrap elementor-element-populated\">\n\t\t\t\t\t\t<div class=\"elementor-element elementor-element-29c0016b elementor-widget elementor-widget-heading\" data-id=\"29c0016b\" data-element_type=\"widget\" data-widget_type=\"heading.default\">\n\t\t\t\t<div class=\"elementor-widget-container\">\n\t\t\t\t\t<h2 class=\"elementor-heading-title elementor-size-default\">Le Fourgon Atelier de d\u00e9pannage informatique<\/h2>\t\t\t\t<\/div>\n\t\t\t\t<\/div>\n\t\t\t\t<div class=\"elementor-element elementor-element-1eff129e elementor-widget elementor-widget-text-editor\" data-id=\"1eff129e\" data-element_type=\"widget\" data-widget_type=\"text-editor.default\">\n\t\t\t\t<div class=\"elementor-widget-container\">\n\t\t\t\t\t\t\t\t\t<p>Ce projet, que j&rsquo;ai baptis\u00e9\u00a0<strong>\u00ab\u00a0Le PC Truck\u00a0\u00bb<\/strong>, vise \u00e0 apporter des solutions informatiques directement aux portes des communaut\u00e9s qui en ont le plus besoin. Avec ce fourgon, nous pourrons aller l\u00e0 o\u00f9 l&rsquo;acc\u00e8s \u00e0 la technologie est limit\u00e9 et offrir des services de r\u00e9paration, de formation et de sensibilisation. En transformant un simple v\u00e9hicule en un atelier informatique mobile, je suis convaincu que nous pouvons changer des vies en donnant aux gens les outils dont ils ont besoin pour prosp\u00e9rer dans le monde num\u00e9rique moderne.\u00a0<strong>Les premiers lieux de sationnement seront Beugnies, Cartignies, Glageon et la capelle.<\/strong><\/p>\t\t\t\t\t\t\t\t<\/div>\n\t\t\t\t<\/div>\n\t\t\t\t<div class=\"elementor-element elementor-element-34c50ee6 elementor-widget elementor-widget-button\" data-id=\"34c50ee6\" data-element_type=\"widget\" data-widget_type=\"button.default\">\n\t\t\t\t<div class=\"elementor-widget-container\">\n\t\t\t\t\t\t\t\t\t<div class=\"elementor-button-wrapper\">\n\t\t\t\t\t<a class=\"elementor-button elementor-button-link elementor-size-sm\" href=\"#visite\">\n\t\t\t\t\t\t<span class=\"elementor-button-content-wrapper\">\n\t\t\t\t\t\t\t\t\t<span class=\"elementor-button-text\">Nous Trouver<\/span>\n\t\t\t\t\t<\/span>\n\t\t\t\t\t<\/a>\n\t\t\t\t<\/div>\n\t\t\t\t\t\t\t\t<\/div>\n\t\t\t\t<\/div>\n\t\t\t\t\t<\/div>\n\t\t<\/div>\n\t\t\t\t<div class=\"elementor-column elementor-col-50 elementor-top-column elementor-element elementor-element-58fd4e80\" data-id=\"58fd4e80\" data-element_type=\"column\">\n\t\t\t<div class=\"elementor-widget-wrap elementor-element-populated\">\n\t\t\t\t\t\t<div class=\"elementor-element elementor-element-acbec45 elementor-invisible elementor-widget elementor-widget-image\" data-id=\"acbec45\" data-element_type=\"widget\" data-settings=\"{&quot;_animation&quot;:&quot;fadeInRight&quot;}\" data-widget_type=\"image.default\">\n\t\t\t\t<div class=\"elementor-widget-container\">\n\t\t\t\t\t\t\t\t\t\t\t\t\t\t\t<img decoding=\"async\" width=\"2000\" height=\"1095\" src=\"https:\/\/pctruck.pcclicinformatique.fr\/wp-content\/uploads\/2024\/03\/Untitled_logo_1_basic-file.png\" class=\"attachment-full size-full wp-image-9\" alt=\"\" srcset=\"https:\/\/pctruck.pcclicinformatique.fr\/wp-content\/uploads\/2024\/03\/Untitled_logo_1_basic-file.png 2000w, https:\/\/pctruck.pcclicinformatique.fr\/wp-content\/uploads\/2024\/03\/Untitled_logo_1_basic-file-300x164.png 300w, https:\/\/pctruck.pcclicinformatique.fr\/wp-content\/uploads\/2024\/03\/Untitled_logo_1_basic-file-1024x561.png 1024w, https:\/\/pctruck.pcclicinformatique.fr\/wp-content\/uploads\/2024\/03\/Untitled_logo_1_basic-file-768x420.png 768w, https:\/\/pctruck.pcclicinformatique.fr\/wp-content\/uploads\/2024\/03\/Untitled_logo_1_basic-file-1536x841.png 1536w\" sizes=\"(max-width: 2000px) 100vw, 2000px\" \/>\t\t\t\t\t\t\t\t\t\t\t\t\t\t\t<\/div>\n\t\t\t\t<\/div>\n\t\t\t\t\t<\/div>\n\t\t<\/div>\n\t\t\t\t\t<\/div>\n\t\t<\/section>\n\t\t<div class=\"elementor-element elementor-element-8acd2bb e-flex e-con-boxed e-con e-parent\" data-id=\"8acd2bb\" data-element_type=\"container\">\n\t\t\t\t\t<div class=\"e-con-inner\">\n\t\t\t\t\t<\/div>\n\t\t\t\t<\/div>\n\t\t\t\t<\/div>\n\t\t","protected":false},"excerpt":{"rendered":"<p>A propos.. Je suis Alexandre Lienard un informaticien passionn\u00e9, dipl\u00f4m\u00e9 depuis 2003 et engag\u00e9 dans la mission de rendre la technologie accessible \u00e0 tous. Apr\u00e8s avoir acquis une solide exp\u00e9rience dans le domaine de l&rsquo;informatique, j&rsquo;ai d\u00e9cid\u00e9 de mettre mes comp\u00e9tences au service de ma communaut\u00e9 en fondant mon entreprise,\u00a0PC CLIC INFORMATIQUE, en 2007 intervenant [&hellip;]<\/p>\n","protected":false},"author":1,"featured_media":0,"parent":0,"menu_order":0,"comment_status":"closed","ping_status":"closed","template":"elementor_header_footer","meta":{"_monsterinsights_skip_tracking":false,"_monsterinsights_sitenote_active":false,"_monsterinsights_sitenote_note":"","_monsterinsights_sitenote_category":0,"footnotes":""},"class_list":["post-533","page","type-page","status-publish","hentry"],"blocksy_meta":[],"aioseo_notices":[],"brizy_media":[],"_links":{"self":[{"href":"https:\/\/pctruck.pcclicinformatique.fr\/index.php\/wp-json\/wp\/v2\/pages\/533","targetHints":{"allow":["GET"]}}],"collection":[{"href":"https:\/\/pctruck.pcclicinformatique.fr\/index.php\/wp-json\/wp\/v2\/pages"}],"about":[{"href":"https:\/\/pctruck.pcclicinformatique.fr\/index.php\/wp-json\/wp\/v2\/types\/page"}],"author":[{"embeddable":true,"href":"https:\/\/pctruck.pcclicinformatique.fr\/index.php\/wp-json\/wp\/v2\/users\/1"}],"replies":[{"embeddable":true,"href":"https:\/\/pctruck.pcclicinformatique.fr\/index.php\/wp-json\/wp\/v2\/comments?post=533"}],"version-history":[{"count":20,"href":"https:\/\/pctruck.pcclicinformatique.fr\/index.php\/wp-json\/wp\/v2\/pages\/533\/revisions"}],"predecessor-version":[{"id":749,"href":"https:\/\/pctruck.pcclicinformatique.fr\/index.php\/wp-json\/wp\/v2\/pages\/533\/revisions\/749"}],"wp:attachment":[{"href":"https:\/\/pctruck.pcclicinformatique.fr\/index.php\/wp-json\/wp\/v2\/media?parent=533"}],"curies":[{"name":"wp","href":"https:\/\/api.w.org\/{rel}","templated":true}]}}